{"id":54,"date":"2022-05-01T20:21:58","date_gmt":"2022-05-01T18:21:58","guid":{"rendered":"https:\/\/gnos.at\/?page_id=54"},"modified":"2022-08-04T17:06:10","modified_gmt":"2022-08-04T15:06:10","slug":"gnos-2","status":"publish","type":"page","link":"https:\/\/gnos.at\/","title":{"rendered":"Startseite"},"content":{"rendered":"\n<h2 class=\"wp-block-heading\">Kennen Sie auch folgende Probleme bei Ihren Veranstaltungen?<\/h2>\n\n\n\n<ul class=\"wp-block-list\"><li>Es gibt zu wenige Kellner<\/li><li>Kellner m\u00fcssen nach dem Aufnehmen der Bestellung erst Bons kaufen und\/oder bei der Ausgabe lange anstehen<\/li><li>Funkboniersysteme w\u00e4ren ideal, sind aber sehr teuer und nicht ma\u00dfgeschneidert<\/li><\/ul>\n\n\n\n<h2 class=\"wp-block-heading\">Die L\u00f6sung: GNOS<\/h2>\n\n\n\n<p class=\"no-margin-b margin-t\">Das &#8222;GemeinN\u00fctzigen Order System&#8220; hat alles, was diese Probleme aus der Welt schafft:<\/p>\n\n\n\n<ul class=\"no-margin-t wp-block-list\"><li>Kellner k\u00f6nnen sich auf die G\u00e4ste konzentrieren und m\u00fcssen nicht mehr zu den Ausgaben\/Kassen laufen und dort warten oder kompliziert mit Bons arbeiten<\/li><li>Echte Feste als Beispiele hergenommen<\/li><li>G\u00e4stew\u00fcnsche k\u00f6nnen eingegeben werden (z.B. &#8222;ohne Salat&#8220;)<\/li><li>Ausverkaufte Artikel k\u00f6nnen auf den Bestellger\u00e4ten markiert werden, mit optionalen Infos f\u00fcr die Kellner (z.B. &#8222;in 30 Minuten wieder verf\u00fcgbar&#8220;)<\/li><li>Einfache Abrechnung oder Absch\u00f6pfung der Kellnerkasse jederzeit m\u00f6glich<\/li><li>Sammelrechnungen wenn eine Gruppe\/Verein gesammelt bezahlen will<\/li><li>Von allen Smartphones, Tablets und Laptops mit einfacher Handhabung nutzbar<\/li><li>Statistiken: Umsatz pro Kellner\/Kategorie (Speisen, Getr\u00e4nke, usw.)\/Artikel<\/li><li>G\u00fcnstig, da spezialisiert f\u00fcr Feste von gemeinn\u00fctzigen Vereinen (Feuerwehren, Landjugenden)<br>keine Bonierung\/Belegerteilung und keine Registrierkasse<\/li><\/ul>\n\n\n\n<h2 class=\"wp-block-heading\"><a href=\"https:\/\/gnos.at\/?docs=gnos\/kellner-bestellungen\" data-type=\"docs\" data-id=\"62\">Schau dir GNOS an &#8211; Klick hier!<\/a><\/h2>\n","protected":false},"excerpt":{"rendered":"<p>Kennen Sie auch folgende Probleme bei Ihren Veranstaltungen? Es gibt zu wenige Kellner Kellner m\u00fcssen nach dem Aufnehmen der Bestellung erst Bons kaufen und\/oder bei der Ausgabe lange anstehen Funkboniersysteme w\u00e4ren ideal, sind aber sehr teuer und nicht ma\u00dfgeschneidert Die L\u00f6sung: GNOS Das &#8222;GemeinN\u00fctzigen Order System&#8220; hat alles, was diese Probleme aus der Welt schafft:&hellip;&nbsp;<\/p>\n","protected":false},"author":1,"featured_media":0,"parent":0,"menu_order":0,"comment_status":"closed","ping_status":"closed","template":"","meta":{"neve_meta_sidebar":"","neve_meta_container":"","neve_meta_enable_content_width":"","neve_meta_content_width":0,"neve_meta_title_alignment":"","neve_meta_author_avatar":"","neve_post_elements_order":"","neve_meta_disable_header":"","neve_meta_disable_footer":"","neve_meta_disable_title":"","footnotes":""},"class_list":["post-54","page","type-page","status-publish","hentry"],"_links":{"self":[{"href":"https:\/\/gnos.at\/index.php?rest_route=\/wp\/v2\/pages\/54","targetHints":{"allow":["GET"]}}],"collection":[{"href":"https:\/\/gnos.at\/index.php?rest_route=\/wp\/v2\/pages"}],"about":[{"href":"https:\/\/gnos.at\/index.php?rest_route=\/wp\/v2\/types\/page"}],"author":[{"embeddable":true,"href":"https:\/\/gnos.at\/index.php?rest_route=\/wp\/v2\/users\/1"}],"replies":[{"embeddable":true,"href":"https:\/\/gnos.at\/index.php?rest_route=%2Fwp%2Fv2%2Fcomments&post=54"}],"version-history":[{"count":9,"href":"https:\/\/gnos.at\/index.php?rest_route=\/wp\/v2\/pages\/54\/revisions"}],"predecessor-version":[{"id":199,"href":"https:\/\/gnos.at\/index.php?rest_route=\/wp\/v2\/pages\/54\/revisions\/199"}],"wp:attachment":[{"href":"https:\/\/gnos.at\/index.php?rest_route=%2Fwp%2Fv2%2Fmedia&parent=54"}],"curies":[{"name":"wp","href":"https:\/\/api.w.org\/{rel}","templated":true}]}}